{"id":502,"date":"2020-07-16T18:22:49","date_gmt":"2020-07-16T16:22:49","guid":{"rendered":"http:\/\/www.marcus-dance.com\/?page_id=502"},"modified":"2025-03-13T14:31:19","modified_gmt":"2025-03-13T13:31:19","slug":"welcome","status":"publish","type":"page","link":"https:\/\/www.marcus-dance.com\/","title":{"rendered":"Welcome"},"content":{"rendered":"<p>[et_pb_section fb_built=&#8220;1&#8243; fullwidth=&#8220;on&#8220; _builder_version=&#8220;4.16&#8243; global_colors_info=&#8220;{}&#8220;][et_pb_fullwidth_image src=&#8220;https:\/\/www.marcus-dance.com\/wp-content\/uploads\/2020\/04\/marcusdance_start.jpg&#8220; alt=&#8220;Marcus Dancer Artist Coach&#8220; title_text=&#8220;marcusdance_start&#8220; _builder_version=&#8220;4.21.0&#8243; _module_preset=&#8220;default&#8220; global_colors_info=&#8220;{}&#8220;][\/et_pb_fullwidth_image][\/et_pb_section][et_pb_section fb_built=&#8220;1&#8243; _builder_version=&#8220;4.16&#8243; global_colors_info=&#8220;{}&#8220;][et_pb_row column_structure=&#8220;1_2,1_2&#8243; _builder_version=&#8220;4.16&#8243; global_colors_info=&#8220;{}&#8220;][et_pb_column type=&#8220;1_2&#8243; _builder_version=&#8220;4.16&#8243; global_colors_info=&#8220;{}&#8220;][et_pb_text _builder_version=&#8220;4.21.0&#8243; _module_preset=&#8220;default&#8220; global_colors_info=&#8220;{}&#8220;]<\/p>\n<h1 style=\"text-align: center;\"><span align=\"center\" style=\"color: #7392f7;\">Tanzkurse in Mainz<\/span><span align=\"center\" style=\"color: #7392f7;\"><\/span><\/h1>\n<p><span align=\"center\" style=\"color: #7392f7;\"><\/span><\/p>\n<p><span align=\"center\" style=\"color: #7392f7;\"><\/span><\/p>\n<h4 style=\"text-align: center;\">Du m\u00f6chtest mit mir vor Ort trainieren? Dann buche Dein Probetraining hier:<\/h4>\n<h3 style=\"text-align: center;\"><span style=\"color: #3366ff;\"><strong>\u00a0<\/strong><\/span><br \/><span style=\"color: #3366ff;\"><strong><a align=\"center\" href=\"http:\/\/www.movimento-mainz.de\" target=\"_blank\" rel=\"noopener\" style=\"color: #3366ff;\"> MOVIMENTO MAINZ<\/a><\/strong><\/span><\/h3>\n<p><span style=\"color: #3366ff;\"><strong><\/strong><\/span><\/p>\n<p><span style=\"color: #3366ff;\"><strong><\/strong><\/span><\/p>\n<h1 style=\"text-align: center;\"><span align=\"center\" style=\"color: #7392f7;\"><\/span><\/h1>\n<h1 style=\"text-align: center;\"><span align=\"center\" style=\"color: #7392f7;\"><\/span><\/h1>\n<h1 style=\"text-align: center;\"><span align=\"center\" style=\"color: #7392f7;\">Tanzkurse in W\u00f6rrstadt<br \/><\/span><\/h1>\n<p><span align=\"center\" style=\"color: #7392f7;\"><\/span><\/p>\n<h4 style=\"text-align: center;\">Mittwochs 10:00 &#8211; 11:00 Pilates<\/h4>\n<h4 style=\"text-align: center;\">Donnerstags 17:00 &#8211; 18:00 Hip Hop Kids ab 8 Jahren<\/h4>\n<h4 style=\"text-align: center;\">Donnerstags 18:00 &#8211; 19:00 Hip Hop Teens ab 13 Jahren<\/h4>\n<h4 style=\"text-align: center;\">Donnerstags 19:00 &#8211; 20:00 Hip Hop Adults ab 18 Jahren<\/h4>\n<p>&nbsp;<\/p>\n<h4 style=\"text-align: center;\">Location:<\/h4>\n<h4 style=\"text-align: center;\">Dancestudio12<\/h4>\n<h4 style=\"text-align: center;\">Friedrich-Ebert-Strasse 36<\/h4>\n<h4 style=\"text-align: center;\">55286 W\u00f6rrstadt<span style=\"color: #3366ff;\"><strong><\/strong><\/span><\/h4>\n<p><span align=\"center\" style=\"color: #7392f7;\"><\/span><\/p>\n<p><span align=\"center\" style=\"color: #7392f7;\"><\/span><\/p>\n<p><span style=\"color: #3366ff;\"><strong><\/strong><\/span><\/p>\n<p>[\/et_pb_text][\/et_pb_column][et_pb_column type=&#8220;1_2&#8243; _builder_version=&#8220;4.16&#8243; global_colors_info=&#8220;{}&#8220;][et_pb_text _builder_version=&#8220;4.21.0&#8243; link_option_url=&#8220;https:\/\/elopage.com\/s\/movimento\/publisher-landing\/XyseoxT-C3cJPJMoZJVN&#8220; link_option_url_new_window=&#8220;on&#8220; global_colors_info=&#8220;{}&#8220;]<\/p>\n<h1 style=\"text-align: center;\"><span align=\"center\" style=\"color: #7392f7;\">Tanzkurse online<br \/><\/span><\/h1>\n<p><span align=\"center\" style=\"color: #7392f7;\"><\/span><\/p>\n<h4 style=\"text-align: center;\">Lerne Deine ersten Tanzschritte in weniger als 4 Wochen mit meinen online Tanzkursen.<\/h4>\n<p>&nbsp;<\/p>\n<div align=\"center\">\n<div id=\"elopage-widgets-container\" data-token=\"VrSSrMBLpKPiFqqHSYGE\"><\/div>\n<\/div>\n<p>\n<script data-token=\"VrSSrMBLpKPiFqqHSYGE\" id=\"elopage-widgets-script\" src=\"https:\/\/elopage.com\/widgets.js\"><\/script>\n<\/p>\n<p>[\/et_pb_text][\/et_pb_column][\/et_pb_row][\/et_pb_section][et_pb_section fb_built=&#8220;1&#8243; _builder_version=&#8220;4.21.0&#8243; _module_preset=&#8220;default&#8220; global_colors_info=&#8220;{}&#8220;][et_pb_row column_structure=&#8220;1_2,1_2&#8243; _builder_version=&#8220;4.21.0&#8243; _module_preset=&#8220;default&#8220; global_colors_info=&#8220;{}&#8220;][et_pb_column type=&#8220;1_2&#8243; _builder_version=&#8220;4.16&#8243; global_colors_info=&#8220;{}&#8220;][et_pb_image src=&#8220;https:\/\/www.marcus-dance.com\/wp-content\/uploads\/2020\/04\/DSC_9769_500.jpg&#8220; align=&#8220;center&#8220; _builder_version=&#8220;4.21.0&#8243; width=&#8220;70%&#8220; max_width=&#8220;70%&#8220; border_radii=&#8220;on|250px|250px|250px|250px&#8220; global_colors_info=&#8220;{}&#8220;][\/et_pb_image][\/et_pb_column][et_pb_column type=&#8220;1_2&#8243; _builder_version=&#8220;4.16&#8243; global_colors_info=&#8220;{}&#8220;][et_pb_text _builder_version=&#8220;4.21.0&#8243; _module_preset=&#8220;default&#8220; width=&#8220;100%&#8220; global_colors_info=&#8220;{}&#8220;]<\/p>\n<h3><span style=\"color: #0c71c3;\"><strong>\u00dcber mich<\/strong><\/span><\/h3>\n<p>Im Alter von 19 Jahren startete ich als Teilnehmer in einem Hip Hop Kurs. Aufgrund eines Zufalls habe ich damals die Tanzgruppe \u00fcbernommen. Ohne gro\u00dfe Erfahrung habe ich den Teilnehmern den Spa\u00df am Tanzen zu vermitteln.<\/p>\n<p>Mir hat es sehr viel Spa\u00df gemacht Leuten das Tanzen beizubringen. Ich wollte mehr unterrichten. Also habe ich mich in anderen Tanzsschulen beworben um mehr Unterrichtserfahrungen zu sammeln. Parallel dazu habe ich verschiedene Workshops besucht, Tanzunterricht genommen und mich stetig fortgebildet.<\/p>\n<p>Zeitweise hatte ich jede Woche in 6 Tanzschulen gearbeitet und mehr als 20 Gruppen trainiert. Ich konnte sozusagen mehr als 100 Sch\u00fcler pro Woche trainieren. Das war ein Haufen Arbeit, die mir sehr viel Spa\u00df gemacht hat.<\/p>\n<p>Bei Auftritten und kleineren Turnieren konnte ich mein K\u00f6nnen unter Beweis stellen. Auch diese Erfahrungen gebe ich gerne meinen Sch\u00fclern weiter. Mein Herz schlug jedoch mehr f\u00fcr das Unterrichten und die F\u00f6rderung von Talenten.<\/p>\n<p>Ein paar Sch\u00fcler von mir schenkten mir ihr Vertrauen und konnten tolle Erfolge bei Hip Hop Meisterschaften erzielen.<\/p>\n<p>Tanzen ist f\u00fcr mich ein Teil meines Lebens geworden.<\/p>\n<p>Seit 2017 habe ich meine eigene Tanzschule in Mainz. 2020 habe ich meine Onlinepr\u00e4senz im Social Media aufgebaut und seit 2022 gibt meinen Onlinekurs.<\/p>\n<p>[\/et_pb_text][\/et_pb_column][\/et_pb_row][\/et_pb_section]<\/p>\n","protected":false},"excerpt":{"rendered":"<p>Tanzkurse in Mainz Du m\u00f6chtest mit mir vor Ort trainieren? Dann buche Dein Probetraining hier: \u00a0 MOVIMENTO MAINZ Tanzkurse in W\u00f6rrstadt Mittwochs 10:00 &#8211; 11:00 Pilates Donnerstags 17:00 &#8211; 18:00 Hip Hop Kids ab 8 Jahren Donnerstags 18:00 &#8211; 19:00 Hip Hop Teens ab 13 Jahren Donnerstags 19:00 &#8211; 20:00 Hip Hop Adults ab 18 [&hellip;]<\/p>\n","protected":false},"author":2,"featured_media":0,"parent":0,"menu_order":0,"comment_status":"closed","ping_status":"closed","template":"","meta":{"_et_pb_use_builder":"on","_et_pb_old_content":"<!-- wp:code -->\n<pre class=\"wp-block-code\"><code><\/code><\/pre>\n<!-- \/wp:code -->","_et_gb_content_width":"","ngg_post_thumbnail":0,"footnotes":""},"class_list":["post-502","page","type-page","status-publish","hentry"],"_links":{"self":[{"href":"https:\/\/www.marcus-dance.com\/index.php?rest_route=\/wp\/v2\/pages\/502","targetHints":{"allow":["GET"]}}],"collection":[{"href":"https:\/\/www.marcus-dance.com\/index.php?rest_route=\/wp\/v2\/pages"}],"about":[{"href":"https:\/\/www.marcus-dance.com\/index.php?rest_route=\/wp\/v2\/types\/page"}],"author":[{"embeddable":true,"href":"https:\/\/www.marcus-dance.com\/index.php?rest_route=\/wp\/v2\/users\/2"}],"replies":[{"embeddable":true,"href":"https:\/\/www.marcus-dance.com\/index.php?rest_route=%2Fwp%2Fv2%2Fcomments&post=502"}],"version-history":[{"count":43,"href":"https:\/\/www.marcus-dance.com\/index.php?rest_route=\/wp\/v2\/pages\/502\/revisions"}],"predecessor-version":[{"id":842,"href":"https:\/\/www.marcus-dance.com\/index.php?rest_route=\/wp\/v2\/pages\/502\/revisions\/842"}],"wp:attachment":[{"href":"https:\/\/www.marcus-dance.com\/index.php?rest_route=%2Fwp%2Fv2%2Fmedia&parent=502"}],"curies":[{"name":"wp","href":"https:\/\/api.w.org\/{rel}","templated":true}]}}