{"id":518,"date":"2020-07-16T18:15:02","date_gmt":"2020-07-16T16:15:02","guid":{"rendered":"http:\/\/www.marcus-dance.com\/?page_id=518"},"modified":"2024-11-11T12:31:06","modified_gmt":"2024-11-11T11:31:06","slug":"kurse","status":"publish","type":"page","link":"https:\/\/www.marcus-dance.com\/?page_id=518","title":{"rendered":"Kurse"},"content":{"rendered":"<p>[et_pb_section fb_built=&#8220;1&#8243; fullwidth=&#8220;on&#8220; _builder_version=&#8220;4.16&#8243; global_colors_info=&#8220;{}&#8220;][et_pb_fullwidth_image src=&#8220;https:\/\/www.marcus-dance.com\/wp-content\/uploads\/2020\/04\/marcusdance_header2x.jpg&#8220; _builder_version=&#8220;4.16&#8243; global_colors_info=&#8220;{}&#8220;][\/et_pb_fullwidth_image][\/et_pb_section][et_pb_section fb_built=&#8220;1&#8243; fullwidth=&#8220;on&#8220; _builder_version=&#8220;4.16&#8243; background_color=&#8220;rgba(0,0,0,0)&#8220; custom_margin=&#8220;-80px||||false|false&#8220; global_colors_info=&#8220;{}&#8220;][et_pb_fullwidth_image src=&#8220;https:\/\/www.marcus-dance.com\/wp-content\/uploads\/2020\/04\/bogen_gelb1280.png&#8220; _builder_version=&#8220;4.16&#8243; background_color=&#8220;rgba(0,0,0,0)&#8220; custom_margin=&#8220;0px||||false|false&#8220; global_colors_info=&#8220;{}&#8220;][\/et_pb_fullwidth_image][\/et_pb_section][et_pb_section fb_built=&#8220;1&#8243; _builder_version=&#8220;4.16&#8243; global_colors_info=&#8220;{}&#8220;][et_pb_row column_structure=&#8220;1_2,1_2&#8243; _builder_version=&#8220;4.16&#8243; global_colors_info=&#8220;{}&#8220;][et_pb_column type=&#8220;1_2&#8243; _builder_version=&#8220;4.16&#8243; global_colors_info=&#8220;{}&#8220;][et_pb_text _builder_version=&#8220;4.16&#8243; text_text_color=&#8220;#7392f7&#8243; header_text_color=&#8220;#7392f7&#8243; transform_translate=&#8220;133px|13px&#8220; global_colors_info=&#8220;{}&#8220;]<\/p>\n<h1>Kurse<\/h1>\n<p>[\/et_pb_text][\/et_pb_column][et_pb_column type=&#8220;1_2&#8243; _builder_version=&#8220;4.16&#8243; global_colors_info=&#8220;{}&#8220;][\/et_pb_column][\/et_pb_row][et_pb_row column_structure=&#8220;2_3,1_3&#8243; _builder_version=&#8220;4.16&#8243; global_colors_info=&#8220;{}&#8220;][et_pb_column type=&#8220;2_3&#8243; _builder_version=&#8220;4.16&#8243; global_colors_info=&#8220;{}&#8220;][et_pb_text _builder_version=&#8220;4.16&#8243; text_text_color=&#8220;#ffffff&#8220; background_color=&#8220;#ffb43d&#8220; z_index=&#8220;117&#8243; custom_margin=&#8220;0px||||false|false&#8220; custom_padding=&#8220;15px|15px|15px|15px|true|true&#8220; border_radii=&#8220;on|15px|15px|15px|15px&#8220; global_colors_info=&#8220;{}&#8220;]<\/p>\n<h3><span style=\"color: #ffffff;\">Hip Hop Dance<\/span><\/h3>\n<p><span>hat seine Wurzeln in der afrikanischen Kultur.<br \/> <\/span><span>Der Tanz beinhaltet bouncige Bewegungen, Kontraktion des Brustkorbes und<br \/> das wippen mit dem Kopf. Hip Hop Dance geh\u00f6rt zu den \u201eSocial Dances\u201c. Es sind kommunikative T\u00e4nze. Das Prinzip ist Aussage und Antwort. Getanzt wird zu Hip Hop Musik. Daher auch die Bezeichnung dieses Stils. <\/span><\/p>\n<p><span>Hip Hop ist keine Revolution. Es ist eine Evolution der afrikanischen und Amerikanischen Kultur. Auch die \u00dcbergro\u00dfe Kleidung ist nur ein reiner Modetrend und hat nichts mit der Hip Hop Kultur zu tun. Alles was heute auf MTV und VIVA zu sehen ist, ist \u201eHip Hop Pop Dance\u201c. Hip Hop Dance eine Mischung aus Socialdances. Mischt man Hip Hop mit verschiedenen Stilen wie Poppin, Lockin, Housedance, Rockin, Breakin, Modern, Jazz oder Tapdance, so bezeichnet man es korrekterweise eine Choreographie gemixt aus verschiedenen Tanzstilen. Alle anderen Bezeichnung, welche heutzutage im Umlauf sind, beschreiben nichts anderes. <\/span><\/p>\n<p><span>In den Hip Hop Kursen werden neben Basics und Techniken auch durch funktionelle \u00dcbungen die eigene Fintess und Koordination verbessert. Es gibt zwei Arten von Kursen: 1. Hip Hop Choreo: Hier liegt der Schwerpunkt auf Choreographien. 2. Hip Hop Freestyle: Hier liegt der Schwerpunkt auf Basics und Techniken. Das Ziel ist sich selbst t\u00e4nzerisch weiterzuentwickeln in unterschiedlichen Stilen (Hip Hop, Popping, Locking, House, Wacking, etc.)<\/span><\/p>\n<p>[\/et_pb_text][\/et_pb_column][et_pb_column type=&#8220;1_3&#8243; _builder_version=&#8220;4.16&#8243; global_colors_info=&#8220;{}&#8220;][et_pb_image src=&#8220;https:\/\/www.marcus-dance.com\/wp-content\/uploads\/2020\/04\/DSC_9759_500.jpg&#8220; _builder_version=&#8220;4.16&#8243; transform_translate=&#8220;0px|-4px&#8220; positioning=&#8220;relative&#8220; vertical_offset=&#8220;-111px&#8220; horizontal_offset=&#8220;-90px&#8220; z_index=&#8220;7&#8243; border_radii=&#8220;on|200px|200px|200px|200px&#8220; global_colors_info=&#8220;{}&#8220;][\/et_pb_image][\/et_pb_column][\/et_pb_row][et_pb_row _builder_version=&#8220;4.16&#8243; global_colors_info=&#8220;{}&#8220;][et_pb_column type=&#8220;4_4&#8243; _builder_version=&#8220;4.16&#8243; global_colors_info=&#8220;{}&#8220;][et_pb_divider show_divider=&#8220;off&#8220; _builder_version=&#8220;4.16&#8243; global_colors_info=&#8220;{}&#8220;][\/et_pb_divider][\/et_pb_column][\/et_pb_row][et_pb_row _builder_version=&#8220;4.16&#8243; global_colors_info=&#8220;{}&#8220;][et_pb_column type=&#8220;4_4&#8243; _builder_version=&#8220;4.16&#8243; global_colors_info=&#8220;{}&#8220;][et_pb_divider show_divider=&#8220;off&#8220; _builder_version=&#8220;4.16&#8243; global_colors_info=&#8220;{}&#8220;][\/et_pb_divider][\/et_pb_column][\/et_pb_row][et_pb_row column_structure=&#8220;2_3,1_3&#8243; _builder_version=&#8220;4.16&#8243; custom_padding=&#8220;0px|||||&#8220; global_colors_info=&#8220;{}&#8220;][et_pb_column type=&#8220;2_3&#8243; _builder_version=&#8220;4.16&#8243; global_colors_info=&#8220;{}&#8220;][et_pb_text _builder_version=&#8220;4.16&#8243; text_text_color=&#8220;#ffffff&#8220; background_color=&#8220;#ffb43d&#8220; z_index=&#8220;129&#8243; custom_padding=&#8220;15px|15px|15px|15px|true|true&#8220; border_radii=&#8220;on|15px|15px|15px|15px&#8220; global_colors_info=&#8220;{}&#8220;]<\/p>\n<h3><span style=\"color: #ffffff;\">Pilates<\/span><\/h3>\n<p><span>ist ein systematisches Ganzk\u00f6rpertraining zur Kr\u00e4ftigung der\u00a0<\/span>Muskulatur<span>, prim\u00e4r von\u00a0<\/span>Beckenboden<span>-,\u00a0<\/span>Bauch-<span>\u00a0und\u00a0<\/span>R\u00fcckenmuskulatur<span>. Das Pilatestraining kann auf der\u00a0<\/span>Matte<span>\u00a0und an speziell entwickelten Ger\u00e4ten stattfinden. Erfunden hat es der Deutsche\u00a0<\/span><a href=\"https:\/\/de.wikipedia.org\/wiki\/Joseph_Hubert_Pilates\" class=\"mw-redirect\" title=\"Joseph Hubert Pilates\" target=\"_blank\" rel=\"noopener noreferrer\">Joseph Hubertus Pilates<\/a><span>\u00a0(1883\u20131967).\u00a0<\/span><\/p>\n<p>Die Pilates-Methode ist ein ganzheitliches K\u00f6rpertraining, in dem vor allem die tief liegenden, kleinen und meist schw\u00e4cheren Muskelgruppen angesprochen werden, die f\u00fcr eine korrekte und gesunde\u00a0 K\u00f6rperhaltung\u00a0sorgen sollen. Das Training umfasst\u00a0Kraft\u00fcbungen,\u00a0Stretching\u00a0und\u00a0bewusste Atmung. Es ist bedingt auch zur\u00a0Rehabilitation\u00a0nach Unf\u00e4llen geeignet. Wichtig ist eine fachliche Einf\u00fchrung in die Methode, um Bewegungs- und Haltungsfehler zu vermeiden.\u00a0<\/p>\n<p>Angestrebt werden die St\u00e4rkung der Muskulatur, die Verbesserung von\u00a0Kondition\u00a0und Bewegungs-koordination, eine Verbesserung der K\u00f6rperhaltung, die Anregung des\u00a0Kreislaufs\u00a0und eine erh\u00f6hte K\u00f6rperwahrnehmung. Grundlage aller \u00dcbungen ist das Trainieren des so genannten \u201ePowerhouses\u201c, womit die in der K\u00f6rpermitte liegende Muskulatur rund um die\u00a0Wirbels\u00e4ule\u00a0gemeint ist, die so genannte St\u00fctzmuskulatur. Die Muskeln des\u00a0Beckenbodens\u00a0und die tiefe Rumpfmuskulatur\u00a0werden gezielt gekr\u00e4ftigt. Alle Bewegungen werden langsam und flie\u00dfend ausgef\u00fchrt, wodurch die Muskeln und die Gelenke geschont werden. Gleichzeitig wird die Atmung geschult.<\/p>\n<p>[\/et_pb_text][\/et_pb_column][et_pb_column type=&#8220;1_3&#8243; _builder_version=&#8220;4.16&#8243; global_colors_info=&#8220;{}&#8220;][et_pb_image src=&#8220;https:\/\/www.marcus-dance.com\/wp-content\/uploads\/2020\/04\/DSC_9947_500.jpg&#8220; _builder_version=&#8220;4.16&#8243; positioning=&#8220;relative&#8220; vertical_offset=&#8220;-121px&#8220; horizontal_offset=&#8220;-73px&#8220; z_index=&#8220;0&#8243; border_radii=&#8220;on|200px|200px|200px|200px&#8220; global_colors_info=&#8220;{}&#8220;][\/et_pb_image][\/et_pb_column][\/et_pb_row][\/et_pb_section]<\/p>\n","protected":false},"excerpt":{"rendered":"<p>KurseHip Hop Dance hat seine Wurzeln in der afrikanischen Kultur. Der Tanz beinhaltet bouncige Bewegungen, Kontraktion des Brustkorbes und das wippen mit dem Kopf. Hip Hop Dance geh\u00f6rt zu den \u201eSocial Dances\u201c. Es sind kommunikative T\u00e4nze. Das Prinzip ist Aussage und Antwort. Getanzt wird zu Hip Hop Musik. Daher auch die Bezeichnung dieses Stils. Hip [&hellip;]<\/p>\n","protected":false},"author":2,"featured_media":0,"parent":0,"menu_order":0,"comment_status":"closed","ping_status":"closed","template":"","meta":{"_et_pb_use_builder":"on","_et_pb_old_content":"","_et_gb_content_width":"","ngg_post_thumbnail":0,"footnotes":""},"class_list":["post-518","page","type-page","status-publish","hentry"],"_links":{"self":[{"href":"https:\/\/www.marcus-dance.com\/index.php?rest_route=\/wp\/v2\/pages\/518","targetHints":{"allow":["GET"]}}],"collection":[{"href":"https:\/\/www.marcus-dance.com\/index.php?rest_route=\/wp\/v2\/pages"}],"about":[{"href":"https:\/\/www.marcus-dance.com\/index.php?rest_route=\/wp\/v2\/types\/page"}],"author":[{"embeddable":true,"href":"https:\/\/www.marcus-dance.com\/index.php?rest_route=\/wp\/v2\/users\/2"}],"replies":[{"embeddable":true,"href":"https:\/\/www.marcus-dance.com\/index.php?rest_route=%2Fwp%2Fv2%2Fcomments&post=518"}],"version-history":[{"count":22,"href":"https:\/\/www.marcus-dance.com\/index.php?rest_route=\/wp\/v2\/pages\/518\/revisions"}],"predecessor-version":[{"id":838,"href":"https:\/\/www.marcus-dance.com\/index.php?rest_route=\/wp\/v2\/pages\/518\/revisions\/838"}],"wp:attachment":[{"href":"https:\/\/www.marcus-dance.com\/index.php?rest_route=%2Fwp%2Fv2%2Fmedia&parent=518"}],"curies":[{"name":"wp","href":"https:\/\/api.w.org\/{rel}","templated":true}]}}