{"id":544,"date":"2020-07-16T18:15:43","date_gmt":"2020-07-16T16:15:43","guid":{"rendered":"http:\/\/www.marcus-dance.com\/?page_id=544"},"modified":"2026-05-04T13:40:05","modified_gmt":"2026-05-04T11:40:05","slug":"referenzen","status":"publish","type":"page","link":"https:\/\/www.marcus-dance.com\/?page_id=544","title":{"rendered":"Referenzen"},"content":{"rendered":"<p>[et_pb_section fb_built=&#8220;1&#8243; fullwidth=&#8220;on&#8220; _builder_version=&#8220;4.16&#8243; global_module=&#8220;763&#8243; saved_tabs=&#8220;all&#8220; global_colors_info=&#8220;{}&#8220;][et_pb_fullwidth_image src=&#8220;https:\/\/www.marcus-dance.com\/wp-content\/uploads\/2020\/04\/marcusdance_header3x.jpg&#8220; _builder_version=&#8220;4.16&#8243; global_colors_info=&#8220;{}&#8220;][\/et_pb_fullwidth_image][\/et_pb_section][et_pb_section fb_built=&#8220;1&#8243; fullwidth=&#8220;on&#8220; _builder_version=&#8220;4.16&#8243; background_color=&#8220;rgba(0,0,0,0)&#8220; custom_margin=&#8220;-80px||||false|false&#8220; global_colors_info=&#8220;{}&#8220;][et_pb_fullwidth_image src=&#8220;https:\/\/www.marcus-dance.com\/wp-content\/uploads\/2020\/04\/bogen_gelb1280.png&#8220; _builder_version=&#8220;4.16&#8243; background_color=&#8220;rgba(0,0,0,0)&#8220; custom_margin=&#8220;0px||||false|false&#8220; global_colors_info=&#8220;{}&#8220;][\/et_pb_fullwidth_image][\/et_pb_section][et_pb_section fb_built=&#8220;1&#8243; _builder_version=&#8220;4.16&#8243; global_colors_info=&#8220;{}&#8220;][et_pb_row column_structure=&#8220;1_5,3_5,1_5&#8243; _builder_version=&#8220;4.16&#8243; global_colors_info=&#8220;{}&#8220;][et_pb_column type=&#8220;1_5&#8243; _builder_version=&#8220;4.16&#8243; global_colors_info=&#8220;{}&#8220;][\/et_pb_column][et_pb_column type=&#8220;3_5&#8243; _builder_version=&#8220;4.16&#8243; global_colors_info=&#8220;{}&#8220;][et_pb_text _builder_version=&#8220;4.16&#8243; global_colors_info=&#8220;{}&#8220;]<\/p>\n<h3 class=\"p1\"><span style=\"color: #7392f7;\">Referenzen<\/span><\/h3>\n<h4 class=\"p1\"><span class=\"s1\">Referenzen als T\u00e4nzer<\/span><\/h4>\n<ul>\n<li class=\"p1\"><span class=\"s1\">Choreograph zum Musikvideo von Anna Maria Zivkov &#8211; Herzenssabotage<\/span><\/li>\n<li class=\"p1\"><span class=\"s1\">Choreograph von \u201e4 Elements\u201c mit dem NTM Mannheim<\/span><\/li>\n<li class=\"p1\"><span class=\"s1\">Choreograph und T\u00e4nzer f\u00fcr Miri Leonardo bei BILD Renntag 2022<\/span><\/li>\n<li class=\"p1\"><span class=\"s1\">T\u00e4nzer im Musikvideo zu Alyzee &#8211; One wish<\/span><\/li>\n<li class=\"p1\"><span class=\"s1\">T\u00e4nzer im Musikvideo zu Joelle Spinello &#8211; Du bist mein Herz<\/span><\/li>\n<li class=\"p1\"><span class=\"s1\">OK:TV Mainz (Interview und Showcase)<\/span><\/li>\n<li class=\"p1\"><span class=\"s1\">CSD 2013 K\u00f6ln (Background)<\/span><\/li>\n<li class=\"p1\"><span class=\"s1\">ZDF Pur Plus (Fernsehsendung + Online Tutorial)<\/span><\/li>\n<li class=\"p1\"><span class=\"s1\">Funkin Stylez 2011 FFM Motion Labz Showcase<\/span><\/li>\n<li class=\"p1\"><span class=\"s1\">The Dome 54 in Stuttgart (T\u00e4nzer f\u00fcr N-Dubz, Streetdance 3D OST)<\/span><\/li>\n<li class=\"p1\"><span class=\"s1\">American Football EM 2010 Halbfinalshow in Wiesbaden mit Preshuz T<\/span><\/li>\n<li class=\"p1\"><span class=\"s1\">Urbanight 2007 mit Jo-Dance in M\u00fcnchen<\/span><\/li>\n<li class=\"p1\"><span class=\"s1\">Kimu 2007 an der FH in Wiesbaden (Sponsoren u.a. Nintendo Wii, Caprisonne,\u2026)<\/span><\/li>\n<li class=\"p1\"><span class=\"s1\">EMS Charity League Benefiz-Lauf 2011 (Sponsoren Mainz 05, ZDF Digital)<\/span><\/li>\n<li class=\"p1\"><span class=\"s1\">Abschlussball in Kiedrich<\/span><\/li>\n<li class=\"p1\"><span class=\"s1\">Hessentag 2007 in Butzbach<\/span><\/li>\n<li class=\"p1\"><span class=\"s1\">Wilhelmstrassenfest 2007 in Wiesbaden (mit RPR EINS)<\/span><\/li>\n<li class=\"p1\"><span class=\"s1\">60 Jahre Rheinland-Pfalz in Mainz (mit RPR EINS)<\/span><\/li>\n<li class=\"p1\"><span class=\"s1\">Landesgartenschau 2008 in Bingen<\/span><\/li>\n<li class=\"p1\"><span class=\"s1\">Tanz in den Mai in Bierstadt<\/span><\/li>\n<li class=\"p1\"><span class=\"s1\">Showtanzabend in Siefersheim<\/span><\/li>\n<li class=\"p1\"><span class=\"s1\">Geburtstagsparty im Club Qu in R\u00fcdesheim<\/span><\/li>\n<li class=\"p1\"><span class=\"s1\">Autoheinz (Ford und Audi) in Mainz<\/span><\/li>\n<li class=\"p1\"><span class=\"s1\">Ballettauff\u00fchrung in Nieder-Olm (Hip-Hop Teil)<\/span><\/li>\n<li class=\"p1\"><span class=\"s1\">Lindenfest in Geisenheim<\/span><\/li>\n<li class=\"p1\"><span class=\"s1\">Pressekonferenz \u201eHow to succeed\u2026\u201c in Mainz mit Dance&amp;Arts (Hip-Hop Teil und T\u00e4nzer)<\/span><\/li>\n<\/ul>\n<p>[\/et_pb_text][\/et_pb_column][et_pb_column type=&#8220;1_5&#8243; _builder_version=&#8220;4.16&#8243; global_colors_info=&#8220;{}&#8220;][\/et_pb_column][\/et_pb_row][et_pb_row column_structure=&#8220;1_5,3_5,1_5&#8243; _builder_version=&#8220;4.16&#8243; global_colors_info=&#8220;{}&#8220;][et_pb_column type=&#8220;1_5&#8243; _builder_version=&#8220;4.16&#8243; global_colors_info=&#8220;{}&#8220;][\/et_pb_column][et_pb_column type=&#8220;3_5&#8243; _builder_version=&#8220;4.16&#8243; global_colors_info=&#8220;{}&#8220;][et_pb_text _builder_version=&#8220;4.16&#8243; global_colors_info=&#8220;{}&#8220;]<\/p>\n<h4 class=\"p1\"><span class=\"s1\">Battle und Turniererfahrung<\/span><\/h4>\n<ul>\n<li class=\"p1\"><span class=\"s1\">Judge beim SDF XMAS Cup in Hofheim 2025<\/span><\/li>\n<li class=\"p1\"><span class=\"s1\">Judge bei der SDF DM in Bad Blankenburg 2025<\/span><\/li>\n<li class=\"p1\"><span class=\"s1\">Judge beim Sachsencup in Grimma 2025<\/span><\/li>\n<li class=\"p1\"><span class=\"s1\">Judge bei der SDF WDM in G\u00fctersloh 2025<br \/><\/span><\/li>\n<li class=\"p1\"><span class=\"s1\">Judge beim SDF Holidaypark Cup 2025<\/span><\/li>\n<li class=\"p1\"><span class=\"s1\">Judge bei der SDF Stadtmeisterschaft in Mannheim 2025<\/span><\/li>\n<li class=\"p1\"><span class=\"s1\">Judge bei der SDF Stadtmeisterschaft in Neuhofen 2025<\/span><\/li>\n<li class=\"p1\"><span class=\"s1\">Judge beim SDF X-Mas Cup 2024 in Mauer<\/span><\/li>\n<li class=\"p1\"><span class=\"s1\">Judge beim SDF S\u00fcd-Cup 2024 in Salach<\/span><\/li>\n<li class=\"p1\"><span class=\"s1\">Judge bei der SDF ostdeutschen Hip Hop Meisterschaft 2024<\/span><\/li>\n<li class=\"p1\">\n<p class=\"p1\"><span class=\"s1\">German Dance Masters 2012 (Qualifiziert f\u00fcr die Deutsche Meisterschaft in Popping)<\/span><\/p>\n<\/li>\n<li class=\"p1\">\n<p class=\"p1\"><span class=\"s1\">Ghetto Soul 2007 (Best of 8 Dancers in Lockin)<\/span><\/p>\n<\/li>\n<li class=\"p1\">\n<p class=\"p1\"><span class=\"s1\">Funkin Stylez 2007<\/span><\/p>\n<\/li>\n<li class=\"p1\">\n<p class=\"p1\"><span class=\"s1\">Judge bei Rock da Jam in Mainz<\/span><\/p>\n<\/li>\n<li class=\"p1\">\n<p class=\"p1\"><span class=\"s1\">Judge bei Streetdance Contest in Oftersheim<\/span><\/p>\n<\/li>\n<li class=\"p1\">\n<p class=\"p1\"><span class=\"s1\">Judge bei German Dance Masters<\/span><\/p>\n<\/li>\n<li class=\"p1\">\n<p class=\"p1\"><span class=\"s1\">Who got the Funk 2007 (Best of 8 Dancers in Lockin)<\/span><\/p>\n<\/li>\n<li class=\"p1\">\n<p class=\"p1\"><span class=\"s1\">Ruhrpottbattle 2007 (Half-final in Lockin)<\/span><\/p>\n<\/li>\n<li class=\"p1\">\n<p class=\"p1\"><span class=\"s1\">Stylewars 2008 (Half-final 1vs1 Stand-up)<\/span><\/p>\n<\/li>\n<li class=\"p1\">\n<p class=\"p1\"><span class=\"s1\">Who is Who Battle in Paris 2009 (Best of 8 Dancers in Lockin)<\/span><\/p>\n<\/li>\n<li class=\"p1\">\n<p class=\"p1\"><span class=\"s1\">Streetdance Battle 5th Element 2010 (Half-final 1vs1 Lockin)<\/span><\/p>\n<\/li>\n<\/ul>\n<p>[\/et_pb_text][\/et_pb_column][et_pb_column type=&#8220;1_5&#8243; _builder_version=&#8220;4.16&#8243; global_colors_info=&#8220;{}&#8220;][\/et_pb_column][\/et_pb_row][et_pb_row column_structure=&#8220;1_5,3_5,1_5&#8243; _builder_version=&#8220;4.16&#8243; global_colors_info=&#8220;{}&#8220;][et_pb_column type=&#8220;1_5&#8243; _builder_version=&#8220;4.16&#8243; global_colors_info=&#8220;{}&#8220;][\/et_pb_column][et_pb_column type=&#8220;3_5&#8243; _builder_version=&#8220;4.16&#8243; global_colors_info=&#8220;{}&#8220;][et_pb_text _builder_version=&#8220;4.16&#8243; global_colors_info=&#8220;{}&#8220;]<\/p>\n<h4 class=\"p1\"><span class=\"s1\">Erfolge der Sch\u00fcler<\/span><\/h4>\n<ul>\n<li>2. Platz SDM Bad D\u00fcrkheim 2026 Hip Hop Formation (NoXcuse)<\/li>\n<li>3. Platz SDM Bad D\u00fcrkheim 2026 Hip Hop Solo (Natalia)<\/li>\n<li>3. Platz SDM Bad D\u00fcrkheim 2026 Hip Hop Solo (Defne)<\/li>\n<li>1. Platz SDF Stadtmeisterschaft Neuhofen 2026 Hip Hop Duo (Alexia &amp; Pauline)<\/li>\n<li>2. Platz SDF Stadtmeisterschaft Neuhofen 2026 Hip Hop Formation (NoXcuse)<\/li>\n<li>2. Platz SDF Stadtmeisterschaft Neuhofen 2026 (Alexia)<\/li>\n<li>3. Platz SDF Stadtmeisterschaft Neuhofen 2026 Hip Hop Solo (Lea)<\/li>\n<li>3. Platz SDF Stadtmeisterschaft Neuhofen 2026 Hip Hop Solo (Natalia)<\/li>\n<li>1. Platz XMAS Cup 2025 Formation Hip Hop Adults (NoXcuse)<\/li>\n<li>1. Platz XMAS Cup 2025 Solo Hip Hop Adults (Lea)<\/li>\n<li>2. Platz XMAS Cup 2025 Solo Commercial Adults (Franziska)<\/li>\n<li>3. Platz XMAS Cup 2025 Duo Hip Hop Adults (Cederik &amp; Fiona)<\/li>\n<li>3. Platz XMAS Cup 2025 Soloshow Juniors 1 (Clara)<\/li>\n<li>4. Platz XMAS Cup 2025 Solo Hip Hop Juniors 2 (Natalia)<\/li>\n<li>2. Platz S\u00fcdcup Dettingen 2025 Formation Hip Hop Large Team (NoXcuse)<\/li>\n<li>2. Platz S\u00fcdcup Dettingen 2025 Hip Hop Adults Duo (Cederik &amp; Fiona)<\/li>\n<li>1. Platz S\u00fcdcup Dettingen 2025 Hip Hop Adults Duo (Joelina &amp; Lea)<\/li>\n<li>1. Platz S\u00fcdcup Dettingen 2025 Hip Hop Adults Solo (Joelina)<\/li>\n<li>1. Platz S\u00fcdcup Dettingen 2025 Hip Hop Adults Solo (Lea)<\/li>\n<li>4. Platz S\u00fcdcup Dettingen 2025 Hip Hop Adults Solo (Franzi)<\/li>\n<li>2. Platz EUE Masters 2025 in Gau-Algesheim (NoXcuse)<\/li>\n<li>3. Platz s\u00fcddeutsche Meisterschaft 2025 Formation Hip Hop Adults (NoXcuse)<\/li>\n<li>2. Platz SDF Stadtmeisterschaft 2025 in Neuhofen Formation Hip Hop Adults (NoXcuse)<\/li>\n<li>2. Platz SDF Stadtmeisterschaft 2025 in Neuhofen Hip Hop Solo (Lea)<\/li>\n<li>2. Platz SDF Stadtmeisterschaft 2025 in Neuhofen Formation Hip Hop Juniors 1 (NoXcuse Jr.)<\/li>\n<li>4. Platz SDF X-Mas Cup 2024 in Mauer Formation Hip Hop Juniors 1 (NoXcuse Jr.)<\/li>\n<li>2. Platz SDF X-Mas Cup 2024 in Mauer Formation Hip Hop Adults (NoXcuse)<\/li>\n<li>1. Platz SDF Stadtmeisterschaft 2024 in Bonn Formation Hip Hop Adults (NoXcuse)<\/li>\n<li>1. Platz SDF Stadtmeisterschaft 2024 in Bonn Hip Hop Solo (Cederik)<\/li>\n<li>2. Platz SDF Stadtmeisterschaft 2024 in Bonn Hip Hop Duo (Cederik &amp; Fiona)<\/li>\n<li>1. Platz SDF Stadtmeisterschaft 2024 Hip Hop Solo (Lea)<\/li>\n<li>3. Platz SDF Stadtmeisterschaft 2024 Hip Hop Solo (Joelina)<\/li>\n<li>1. Platz deutsche Meisterschaft 2024 in Neustadt Formation Adults (NoXcuse)<\/li>\n<li>2. Platz deutsche Meisterschaft 2024 in Neustadt Duo Adults (Alexia &amp; Pauline)<\/li>\n<li>4. Platz deutsche Meisterschaft 2024 in Neustadt Duo Adults (Cederik &amp; Fiona)<\/li>\n<li>1. Platz s\u00fcddeutsche Meisterschaft 2024 in Bad D\u00fcrkheim Solo Adults (Alexia)<\/li>\n<li>4. Platz s\u00fcddeutsche Meisterschaft 2024 in Bad D\u00fcrkheim Duo Adults (Cederik &amp; Fiona)<\/li>\n<li>3. Platz s\u00fcddeutsche Meisterschaft 2024 in Bad D\u00fcrkheim Duo Adults (Alexia &amp; Pauline)<\/li>\n<li>4. Platz s\u00fcddeutsche Meisterschaft 2024 in Bad D\u00fcrkheim Formation Adults (NoXcuse)<\/li>\n<li>5. Platz Dees Dance Masters 2024 Foramtion Adults OPEN (NoXcuse)<\/li>\n<li>2. Platz Stadtmeisterschaft 2024 in Neuhofen Solo Adults (Alexia)<\/li>\n<li>4. Platz Stadtmeisterschaft 2024 in Neuhofen Large Group Adults (NoXcuse)<\/li>\n<li>1. Platz Stadtmeisterschaft 2024 in Neuhofen Duo Adults (Alexia &amp; Pauline)<\/li>\n<li>2. Platz Stadtmeisterschaft 2024 in Neuhofen Duo Adults (Joelina &amp; Lea)<\/li>\n<li>3. Platz Stadtmeisterschaften 2024 in Neuhofen Duo Adults (Cederik &amp; Fiona)<\/li>\n<li>3. Platz Stadtmeisterschaft 2024 in Neuhofen Solo Adults (Cederik)<\/li>\n<li>2. Platz s\u00fcddeutsche UDO Meisterschaft 2024 Solo Adults (Alexia)<\/li>\n<li>2. Platz s\u00fcddeutsche UDO Meisterschaft 2024 Duo Adults (Alexia &amp; Pauline)<\/li>\n<li>1. Platz Stadtmeisterschaft 2023 in Bonn Solo Adults (Alexia)<\/li>\n<li>2. Platz Stadtmeisterschaft 2023 in Bonn Duo Adults (Alexia &amp; Pauline)<\/li>\n<li>2. Platz Stadtmeisterschaft 2023 in Bonn Smallgroup Adults (NoXcuse)<\/li>\n<li>3. Platz Stadtmeisterschaft 2023 in Bonn Solo Adults (Cederik)<\/li>\n<li>4. Platz Stadtmeisterschaft 2023 in Bonn Duo Juniors 2 (Hermine &amp; Alina)<\/li>\n<li>1. Platz deutsche Hip Hop Meisterschaft 2023 Duo (Alexia &amp; Pauline)<\/li>\n<li>4. Platz deutsche Hip Hop Meisterschaft 2023 Duo (Joelina &amp; Lea)<\/li>\n<li>3. Platz deutsche Hip Hop Meisterschaft 2023 Duo (Cederik &amp; Fiona)<\/li>\n<li>2. Platz s\u00fcddeutsche Hip Hop Meisterschaft 2023 (NoXcuse)<\/li>\n<li>3. Platz s\u00fcddeutsche Hip Hop Meisterschaft 2023 Duo (Cederik &amp; Fiona)<\/li>\n<li>3. Platz EUE Masters 2023 (NoXcuse)<\/li>\n<li>1. Platz deutsche Hip Hop Meisterschaft 2022 Duo (Alexia &amp; Pauline)<\/li>\n<li>1. Platz deutsche Hip Hop Meisterschaft 2022 Solo (Alexia)<\/li>\n<li>1. Platz deutsche Hip Hop Meisterschaft 2022 Solo (Sina)<\/li>\n<li>1. Platz deutsche Hip Hop Meisterschaft 2022 Solo (Viktoria)<\/li>\n<li>4. Platz deutsche Hip Hop Meisterschaft 2022 Formation (NoXcuse)<\/li>\n<li>6. Platz deutsche Hip Hop Meisterschaft 2022 im Duo (Lara &amp; Maya)<\/li>\n<li>4. Platz deutsche Hip Hop Meisterschaft 2022 im Duo (Pia &amp; Joelina)<\/li>\n<li class=\"p1\">2. Platz UDO Deutsche Meisterschaft Hip Hop Duo over 18 (Anna und Madeleine)<\/li>\n<li class=\"p1\">3. Platz EUE Masters 2022 (NoXcuse)<\/li>\n<li class=\"p1\">\n<p class=\"p1\"><span class=\"s1\">1. Platz SDF Hip Hop Smallteam 2019 (NoXcuse)<\/span><\/p>\n<\/li>\n<li class=\"p1\">\n<p class=\"p1\"><span class=\"s1\">1. Platz SDF Hip Hop Solo 2019 (Paolo Tuccio)<\/span><\/p>\n<\/li>\n<li class=\"p1\">\n<p class=\"p1\"><span class=\"s1\">1. Platz SDF Hip Hop Duo 2019 (Sandra und Linda)<\/span><\/p>\n<\/li>\n<li class=\"p1\">\n<p class=\"p1\"><span class=\"s1\">1. Platz SDF Dancehall Solo 2019 (Sandra)<\/span><\/p>\n<\/li>\n<li class=\"p1\">\n<p class=\"p1\"><span class=\"s1\">2. Platz SDF Hip Hop Duo 2019 (Anna und Madeleine)<\/span><\/p>\n<\/li>\n<li class=\"p1\">\n<p class=\"p1\"><span class=\"s1\">2. Platz SDF Videoclip Solo 2019 (Alexia)<\/span><\/p>\n<\/li>\n<li class=\"p1\">\n<p class=\"p1\"><span class=\"s1\">2. Platz SDF Hip Hop Solo 2019 (Anna)<\/span><\/p>\n<\/li>\n<li class=\"p1\">\n<p class=\"p1\"><span class=\"s1\">2. Platz SDF Breakdance Battles 2019 (Paolo Tuccio)<\/span><\/p>\n<\/li>\n<li class=\"p1\">\n<p class=\"p1\"><span class=\"s1\">3. Platz SDF Hip Hop Battles 2019 (Paolo Tuccio)<\/span><\/p>\n<\/li>\n<li class=\"p1\">\n<p class=\"p1\"><span class=\"s1\">7. Platz UDO DM 2019 Team over 18 Beginner (NoXcuse)<\/span><\/p>\n<\/li>\n<li class=\"p1\">\n<p class=\"p1\"><span class=\"s1\">Vizeweltmeister 2018 Videoclip &amp; Dancehall Solo (Paolo Tuccio)<\/span><\/p>\n<\/li>\n<li class=\"p1\">\n<p class=\"p1\"><span class=\"s1\">deutscher Meister 2018 Hip Hop Solo Profileague (Lorena Zurilov)<\/span><\/p>\n<\/li>\n<li class=\"p1\">\n<p class=\"p1\"><span class=\"s1\">3. Platz UDO DM 2018 Duo over 18 Newcomer (Anna und Sandra)<\/span><\/p>\n<\/li>\n<li class=\"p1\">\n<p class=\"p1\"><span class=\"s1\">4. Platz UDO DM 2018 Solo under 16 Newcomer (Paolo Tuccio)<\/span><\/p>\n<\/li>\n<li class=\"p1\">\n<p class=\"p1\"><span class=\"s1\">4. Platz UDO SDM 2018 Solo under 18 Intermediate (Anna Hartes)<\/span><\/p>\n<\/li>\n<li class=\"p1\">\n<p class=\"p1\"><span class=\"s1\">UDO vizes\u00fcddeutscher Meister Quad under 18 (S.L.A.P.)<\/span><\/p>\n<\/li>\n<li class=\"p1\">\n<p class=\"p1\"><span class=\"s1\">UDO deutscher Meister 2017 under 14 Newcomer (Paolo Tuccio)<\/span><\/p>\n<\/li>\n<li class=\"p1\">\n<p class=\"p1\"><span class=\"s1\">UDO vizedeutscher Meister 2017 under 18 Newcomer (Anna Hartes)<\/span><\/p>\n<\/li>\n<li class=\"p1\">\n<p class=\"p1\"><span class=\"s1\">UDO westdeutscher Meister 2017 over 18 intermediate (Lorena Zurilov)<\/span><\/p>\n<\/li>\n<li class=\"p1\">\n<p class=\"p1\"><span class=\"s1\">5. Platz UDO WDM 2017 Team over 18 Newcomer (NoXcuse)<\/span><\/p>\n<\/li>\n<li class=\"p1\">\n<p class=\"p1\"><span class=\"s1\">UDO Europameisterschaft 2016 Halbfinale (Duo: Arne und Merlin \/ Solo: Anna Hartes)<\/span><\/p>\n<\/li>\n<li class=\"p1\">\n<p class=\"p1\"><span class=\"s1\">1. Platz s\u00fcddeutsche Meisterschaft 2016 (Duo: Arne und Merlin)<\/span><\/p>\n<\/li>\n<li class=\"p1\">\n<p class=\"p1\"><span class=\"s1\">2. Platz s\u00fcddeutsche Meisterschaft 2016 (Duo: Alicia und Myriam)<\/span><\/p>\n<\/li>\n<li class=\"p1\">\n<p class=\"p1\"><span class=\"s1\">4. Platz s\u00fcddeutsche Meisterschaft 2016 (Solo: David Scherrer)<\/span><\/p>\n<\/li>\n<li class=\"p1\">\n<p class=\"p1\"><span class=\"s1\">Qualifikation zur UDO DM 2016 und EM 2016 Team over 18 Newcomer (NoXcuse)<\/span><\/p>\n<\/li>\n<li class=\"p1\">\n<p class=\"p1\"><span class=\"s1\">2. Platz UDO Westdeutsche Meisterschaft 2016 Duo under 18 Newcomer (Arne und Merlin)<\/span><\/p>\n<\/li>\n<li class=\"p1\">\n<p class=\"p1\"><span class=\"s1\">3. Platz UDO Westdeutsche Meisterschaft 2016 Solo under 16 Newcomer (Anna Hartes)<\/span><\/p>\n<\/li>\n<li class=\"p1\">\n<p class=\"p1\"><span class=\"s1\">3. Platz Deutsche Meisterschaft Hip Hop 2015 (Formation: NoXcuse)<\/span><\/p>\n<\/li>\n<li class=\"p1\">\n<p class=\"p1\"><span class=\"s1\">1. Platz Deutsche Meisterschaft Hip Hop 2015 (Duo: Myriam und Alicia)<\/span><\/p>\n<\/li>\n<li class=\"p1\">\n<p class=\"p1\"><span class=\"s1\">2. Platz Deutsche Meisterschaft Hip Hop 2015 (Duo: Arne und Merlin)<\/span><\/p>\n<\/li>\n<li class=\"p1\">\n<p class=\"p1\"><span class=\"s1\">2. Platz S\u00fcddeutsche Meisterschaft Hip Hop 2015 (Formation: Loose Control)<\/span><\/p>\n<\/li>\n<li class=\"p1\">\n<p class=\"p1\"><span class=\"s1\">1. Platz S\u00fcddeutsche Meisterschaft Hip Hop 2015 (Solo: Lorena)<\/span><\/p>\n<\/li>\n<li class=\"p1\">\n<p class=\"p1\"><span class=\"s1\">1. Platz Deutsche Meisterschaft Hip Hop 2014 (Solo: Merlin Hohenstein)<\/span><\/p>\n<\/li>\n<li class=\"p1\">\n<p class=\"p1\"><span class=\"s1\">1. Platz Deutsche Meisterschaft Hip Hop 2014 (Solo: Lorena Zurilov)<\/span><\/p>\n<\/li>\n<li class=\"p1\">\n<p class=\"p1\"><span class=\"s1\">2. Platz Deutsche Meisterschaft Hip Hop 2014 (Formation: Loose Control)<\/span><\/p>\n<\/li>\n<li class=\"p1\">\n<p class=\"p1\"><span class=\"s1\">3. Platz Deutsche Meisterschaft Hip Hop 2014 (Duo: Arne und Merlin)<\/span><\/p>\n<\/li>\n<li class=\"p1\">\n<p class=\"p1\"><span class=\"s1\">3. Platz Deutsche Meisterschaft Hip Hop 2014 (Solo: Anna Pallesch)<\/span><\/p>\n<\/li>\n<li class=\"p1\">\n<p class=\"p1\"><span class=\"s1\">6. Platz Deutsche Meisterschaft Hip Hop 2014 (Formation: NoXcuse)<\/span><\/p>\n<\/li>\n<li class=\"p1\">\n<p class=\"p1\"><span class=\"s1\">1. Platz S\u00fcddeutsche Meisterschaft Hip Hop 2014 (Duo: Arne und Merlin)<\/span><\/p>\n<\/li>\n<li class=\"p1\">\n<p class=\"p1\"><span class=\"s1\">3. Platz S\u00fcddeutsche Meisterschaft Hip Hop 2014 (Formation: No Xcuse)<\/span><\/p>\n<\/li>\n<li class=\"p1\">\n<p class=\"p1\"><span class=\"s1\">3. Platz S\u00fcddeutsche Meisterschaft Hip Hop 2014 (Solo: Lorena Zurilov)<\/span><\/p>\n<\/li>\n<li class=\"p1\">\n<p class=\"p1\"><span class=\"s1\">4. Platz S\u00fcddeutsche Meisterschaft Hip Hop 2014 (Formation: Loose Control)<\/span><\/p>\n<\/li>\n<li class=\"p1\">\n<p class=\"p1\"><span class=\"s1\">5. Platz S\u00fcddeutsche Meisterschaft Hip Hop 2014 (Solo: Anna Pallesch)<\/span><\/p>\n<\/li>\n<li class=\"p1\">\n<p class=\"p1\"><span class=\"s1\">4. Platz Starmoves Championship 2014 (Starmoves Solo: Lorena Zurilov)<\/span><\/p>\n<\/li>\n<li class=\"p1\">\n<p class=\"p1\"><span class=\"s1\">5. Platz Hip Hop International 2014 Finale (Formation: Loose Control)<\/span><\/p>\n<\/li>\n<li class=\"p1\">\n<p class=\"p1\"><span class=\"s1\">2. Platz Deutsche Meisterschaft Hip Hop 2013 (Hip Hop Duo Kids: Merlin und Arne)<\/span><\/p>\n<\/li>\n<li class=\"p1\">\n<p class=\"p1\"><span class=\"s1\">1. Platz Westdeutsche Meisterschaft Hip Hop 2013 Meisterreihe (Formation: Loose Control)<\/span><\/p>\n<\/li>\n<li class=\"p1\">\n<p class=\"p1\"><span class=\"s1\">1. Platz Westdeutsche Meisterschaft Hip Hop 2013 Meisterreihe (Hip Hop Duo Kids: Merlin und Arne)<\/span><\/p>\n<\/li>\n<li class=\"p1\">\n<p class=\"p1\"><span class=\"s1\">3. Platz Deutsche Meisterschaft Hip Hop 2012 Meisterreihe (Hip Hop Duo Kids: Merlin und Arne)<\/span><\/p>\n<\/li>\n<li class=\"p1\">\n<p class=\"p1\"><span class=\"s1\">4. Platz Deutsche Meisterschaft Hip Hop 2012 (Hip Hop Solo: Lorena Zurilov<\/span><\/p>\n<\/li>\n<li class=\"p1\">\n<p class=\"p1\"><span class=\"s1\">\u00a06. Platz Deutsche Meisterschaft Hip Hop 2012 Meisterreihe (Adults Formation: Loose Control)<\/span><\/p>\n<\/li>\n<li class=\"p1\">\n<p class=\"p1\"><span class=\"s1\">3. Platz Westdeutsche Meisterschaft Hip Hop 2012 Meisterreihe (Adults Formation: Loose Control)<\/span><\/p>\n<\/li>\n<li class=\"p1\">\n<p class=\"p1\"><span class=\"s1\">3. Platz Westdeutsche Meisterschaft 2012 Meisterreihe (Hip Hop Duo Kids: Merlin und Arne)<\/span><\/p>\n<\/li>\n<li class=\"p1\">\n<p class=\"p1\"><span class=\"s1\">Deutscher Meister 2011 (Hip Hop Duo: Michelle und Lorena)<\/span><\/p>\n<\/li>\n<li class=\"p1\">\n<p class=\"p1\"><span class=\"s1\">5. Platz Deutsche Meisterschaft 2011 Hip Hop (Formation: Loose Control)<\/span><\/p>\n<\/li>\n<li class=\"p1\">\n<p class=\"p1\"><span class=\"s1\">3. Platz Deutsche Meisterschaft 2011 (Hip Hop Solo: Michelle Staudt)<\/span><\/p>\n<\/li>\n<li class=\"p1\">\n<p class=\"p1\"><span class=\"s1\">4. Platz Deutsche Meisterschaft 2011 (Hip Hop Solo: Lorena Zurilov)<\/span><\/p>\n<\/li>\n<li class=\"p1\">\n<p class=\"p1\"><span class=\"s1\">S\u00fcddeutscher Meister 2011 (Hip Hop Solo: Lorena Zurilov)<\/span><\/p>\n<\/li>\n<li class=\"p1\">\n<p class=\"p1\"><span class=\"s1\">Vizes\u00fcddeutscher Meister 2011 (Hip Hop Solo: Michelle Staudt)<\/span><\/p>\n<p class=\"p1\">\n<\/li>\n<li class=\"p1\">\n<p class=\"p1\"><span class=\"s1\">Vizes\u00fcddeutscher Meister 2011 (Hip Hop Duo: Lorena und Michelle)<\/span><\/p>\n<\/li>\n<li class=\"p1\">\n<p class=\"p1\"><span class=\"s1\">4. Platz S\u00fcddeutsche Meisterschaft 2011 Hip Hop (Formation: Loose Control)<\/span><\/p>\n<\/li>\n<li class=\"p1\">\n<p class=\"p1\"><span class=\"s1\">2. Platz Internationale Meisterschaft Hip Hop 2010 (Adults Formation: Loose Control)<\/span><\/p>\n<\/li>\n<li class=\"p1\">\n<p class=\"p1\"><span class=\"s1\">1. Platz Deutsche Meisterschaft Hip Hop 2010 (Duo: Michelle und Lorena)<\/span><\/p>\n<\/li>\n<li class=\"p1\">\n<p class=\"p1\"><span class=\"s1\">1. Platz Internationale Meisterschaft Hip Hop 2010 (Duo: Michelle und Lorena)<\/span><\/p>\n<\/li>\n<li class=\"p1\">\n<p class=\"p1\"><span class=\"s1\">2. Platz Internationale Meisterschaft Hip Hop 2010 (Solo: Lorena Zurilov)<\/span><\/p>\n<\/li>\n<li class=\"p1\">\n<p class=\"p1\"><span class=\"s1\">4. Platz Internationale Meisterschaft Hip Hop 2010 (Solo: Michelle Staudt)<\/span><\/p>\n<\/li>\n<li class=\"p1\">\n<p class=\"p1\"><span class=\"s1\">5. Platz Deutsche Meisterschaft Hip Hop 2010 (Adults Formation: Loose Control)<\/span><\/p>\n<\/li>\n<li class=\"p1\">\n<p class=\"p1\"><span class=\"s1\">2. Platz S\u00fcddeutsche Meisterschaft Hip Hop 2010 (Adults Formation: Loose Control)<\/span><\/p>\n<\/li>\n<li class=\"p1\">\n<p class=\"p1\"><span class=\"s1\">2. Platz S\u00fcddeutsche Meisterschaft Hip Hop 2010 (Juniors Solo: Lorena Zurilov)<\/span><\/p>\n<\/li>\n<li class=\"p1\">\n<p class=\"p1\"><span class=\"s1\">4. Platz S\u00fcddeutsche Meisterschaft Hip Hop 2010 (Juniors Solo: Michelle Staudt)<\/span><\/p>\n<\/li>\n<li class=\"p1\">\n<p class=\"p1\"><span class=\"s1\">3. Platz Hip Hop Day 2009 Finale (Adults Formation: Loose Control)<\/span><\/p>\n<\/li>\n<li class=\"p1\">\n<p class=\"p1\"><span class=\"s1\">3. Platz Hip Hop Day 2009 Finale (Juniors Duo: Michelle und Lorena)<\/span><\/p>\n<\/li>\n<li class=\"p1\">\n<p class=\"p1\"><span class=\"s1\">2. Platz Hip Hop Day 2009 Finale (Juniors Solo: Celine und Michelle)<\/span><\/p>\n<\/li>\n<li class=\"p1\">\n<p class=\"p1\"><span class=\"s1\">4. Platz Hip Hop Day 2009 Finale (Juniors Solo: Lorena)<\/span><\/p>\n<\/li>\n<li class=\"p1\">\n<p class=\"p1\"><span class=\"s1\">1. Platz Hip Hop Day 2009 Vorrunde (Juniors Formation: Loose Control \/\/ Juniors Solo: Michelle, Lorena)<\/span><\/p>\n<\/li>\n<li class=\"p1\">\n<p class=\"p1\"><span class=\"s1\">2. Platz Hip Hop Day 2009 Vorrunde (Juniors Duo: Michelle und Lorena)<\/span><\/p>\n<\/li>\n<li class=\"p1\">\n<p class=\"p1\"><span class=\"s1\">3. Platz Hip Hop Day 2009 Vorrunde (Juniors Solo: Celine Bosse<\/span><\/p>\n<\/li>\n<li class=\"p1\">\n<p class=\"p1\"><span class=\"s1\">\u00a01. Platz It\u2019s Showtime 2009 (MSS Oberstufe Tanz AG vom GYGO in Mz-Gonsenheim)<\/span><\/p>\n<\/li>\n<li class=\"p1\">\n<p class=\"p1\"><span class=\"s1\">1. Platz Deutsche Meisterschaft im Hip Hop Juniors Duo 2009 (Juniors Duo: Michelle und Lorena)<\/span><\/p>\n<\/li>\n<\/ul>\n<p>[\/et_pb_text][\/et_pb_column][et_pb_column type=&#8220;1_5&#8243; _builder_version=&#8220;4.16&#8243; global_colors_info=&#8220;{}&#8220;][\/et_pb_column][\/et_pb_row][\/et_pb_section]<\/p>\n","protected":false},"excerpt":{"rendered":"<p>Referenzen Referenzen als T\u00e4nzer Choreograph zum Musikvideo von Anna Maria Zivkov &#8211; Herzenssabotage Choreograph von \u201e4 Elements\u201c mit dem NTM Mannheim Choreograph und T\u00e4nzer f\u00fcr Miri Leonardo bei BILD Renntag 2022 T\u00e4nzer im Musikvideo zu Alyzee &#8211; One wish T\u00e4nzer im Musikvideo zu Joelle Spinello &#8211; Du bist mein Herz OK:TV Mainz (Interview und Showcase) [&hellip;]<\/p>\n","protected":false},"author":2,"featured_media":0,"parent":0,"menu_order":0,"comment_status":"closed","ping_status":"closed","template":"","meta":{"_et_pb_use_builder":"on","_et_pb_old_content":"","_et_gb_content_width":"","ngg_post_thumbnail":0,"footnotes":""},"class_list":["post-544","page","type-page","status-publish","hentry"],"_links":{"self":[{"href":"https:\/\/www.marcus-dance.com\/index.php?rest_route=\/wp\/v2\/pages\/544","targetHints":{"allow":["GET"]}}],"collection":[{"href":"https:\/\/www.marcus-dance.com\/index.php?rest_route=\/wp\/v2\/pages"}],"about":[{"href":"https:\/\/www.marcus-dance.com\/index.php?rest_route=\/wp\/v2\/types\/page"}],"author":[{"embeddable":true,"href":"https:\/\/www.marcus-dance.com\/index.php?rest_route=\/wp\/v2\/users\/2"}],"replies":[{"embeddable":true,"href":"https:\/\/www.marcus-dance.com\/index.php?rest_route=%2Fwp%2Fv2%2Fcomments&post=544"}],"version-history":[{"count":22,"href":"https:\/\/www.marcus-dance.com\/index.php?rest_route=\/wp\/v2\/pages\/544\/revisions"}],"predecessor-version":[{"id":861,"href":"https:\/\/www.marcus-dance.com\/index.php?rest_route=\/wp\/v2\/pages\/544\/revisions\/861"}],"wp:attachment":[{"href":"https:\/\/www.marcus-dance.com\/index.php?rest_route=%2Fwp%2Fv2%2Fmedia&parent=544"}],"curies":[{"name":"wp","href":"https:\/\/api.w.org\/{rel}","templated":true}]}}